{"id":267,"date":"2024-10-13T20:23:09","date_gmt":"2024-10-13T20:23:09","guid":{"rendered":"https:\/\/sabaobento.com.br\/loja\/?post_type=product&#038;p=267"},"modified":"2025-09-24T17:08:35","modified_gmt":"2025-09-24T17:08:35","slug":"sabonete-intimo","status":"publish","type":"product","link":"https:\/\/sabaobento.com.br\/loja\/produto\/sabonete-intimo\/","title":{"rendered":"Sabonete \u00cdntimo &#8211; Barbatim\u00e3o"},"content":{"rendered":"","protected":false},"excerpt":{"rendered":"<p>Possui a\u00e7\u00e3o anti-inflamat\u00f3ria, antimicrobiana, antioxidante, cicatrizante e antiss\u00e9ptica; Ajuda a manter as mucosas saud\u00e1veis e a evitar infec\u00e7\u00f5es; Indicado para homens e mulheres.<\/p>\n","protected":false},"featured_media":268,"comment_status":"open","ping_status":"closed","template":"","meta":[],"product_cat":[27],"product_tag":[42,40,41],"class_list":["post-267","product","type-product","status-publish","has-post-thumbnail","hentry","product_cat-sab-int250","product_tag-barbatimao","product_tag-intimo","product_tag-liquido"],"_links":{"self":[{"href":"https:\/\/sabaobento.com.br\/loja\/wp-json\/wp\/v2\/product\/267","targetHints":{"allow":["GET"]}}],"collection":[{"href":"https:\/\/sabaobento.com.br\/loja\/wp-json\/wp\/v2\/product"}],"about":[{"href":"https:\/\/sabaobento.com.br\/loja\/wp-json\/wp\/v2\/types\/product"}],"replies":[{"embeddable":true,"href":"https:\/\/sabaobento.com.br\/loja\/wp-json\/wp\/v2\/comments?post=267"}],"wp:featuredmedia":[{"embeddable":true,"href":"https:\/\/sabaobento.com.br\/loja\/wp-json\/wp\/v2\/media\/268"}],"wp:attachment":[{"href":"https:\/\/sabaobento.com.br\/loja\/wp-json\/wp\/v2\/media?parent=267"}],"wp:term":[{"taxonomy":"product_cat","embeddable":true,"href":"https:\/\/sabaobento.com.br\/loja\/wp-json\/wp\/v2\/product_cat?post=267"},{"taxonomy":"product_tag","embeddable":true,"href":"https:\/\/sabaobento.com.br\/loja\/wp-json\/wp\/v2\/product_tag?post=267"}],"curies":[{"name":"wp","href":"https:\/\/api.w.org\/{rel}","templated":true}]}}