{"id":256,"date":"2024-10-13T20:05:13","date_gmt":"2024-10-13T20:05:13","guid":{"rendered":"https:\/\/sabaobento.com.br\/loja\/?post_type=product&#038;p=256"},"modified":"2025-02-13T15:07:30","modified_gmt":"2025-02-13T15:07:30","slug":"linha-equilibrio-pitanga-preta","status":"publish","type":"product","link":"https:\/\/sabaobento.com.br\/loja\/produto\/linha-equilibrio-pitanga-preta\/","title":{"rendered":"Linha Equil\u00edbrio &#8211; Pitanga Preta e Carv\u00e3o Ativado"},"content":{"rendered":"<p>Sabonete a base de extratos, \u00f3leos e manteigas vegetais.<\/p>\n<p>Sabonete terap\u00eautico Pitanga Preta e Carv\u00e3o Ativado &#8211; 110g<\/p>\n<p>&nbsp;<\/p>\n","protected":false},"excerpt":{"rendered":"<p>Sabonete a base de extratos, \u00f3leos e manteigas vegetais. Sabonete terap\u00eautico Pitanga Preta e Carv\u00e3o Ativado &#8211; 110g &nbsp;<\/p>\n","protected":false},"featured_media":258,"comment_status":"open","ping_status":"closed","template":"","meta":[],"product_cat":[26],"product_tag":[36,37,34],"class_list":["post-256","product","type-product","status-publish","has-post-thumbnail","hentry","product_cat-sab-ter110","product_tag-110g","product_tag-pitanga","product_tag-sabonete"],"_links":{"self":[{"href":"https:\/\/sabaobento.com.br\/loja\/wp-json\/wp\/v2\/product\/256","targetHints":{"allow":["GET"]}}],"collection":[{"href":"https:\/\/sabaobento.com.br\/loja\/wp-json\/wp\/v2\/product"}],"about":[{"href":"https:\/\/sabaobento.com.br\/loja\/wp-json\/wp\/v2\/types\/product"}],"replies":[{"embeddable":true,"href":"https:\/\/sabaobento.com.br\/loja\/wp-json\/wp\/v2\/comments?post=256"}],"wp:featuredmedia":[{"embeddable":true,"href":"https:\/\/sabaobento.com.br\/loja\/wp-json\/wp\/v2\/media\/258"}],"wp:attachment":[{"href":"https:\/\/sabaobento.com.br\/loja\/wp-json\/wp\/v2\/media?parent=256"}],"wp:term":[{"taxonomy":"product_cat","embeddable":true,"href":"https:\/\/sabaobento.com.br\/loja\/wp-json\/wp\/v2\/product_cat?post=256"},{"taxonomy":"product_tag","embeddable":true,"href":"https:\/\/sabaobento.com.br\/loja\/wp-json\/wp\/v2\/product_tag?post=256"}],"curies":[{"name":"wp","href":"https:\/\/api.w.org\/{rel}","templated":true}]}}